{"id":252,"date":"2015-11-09T12:12:29","date_gmt":"2015-11-09T12:12:29","guid":{"rendered":"https:\/\/dental-misljenovic.hr\/?page_id=252"},"modified":"2016-01-28T11:09:24","modified_gmt":"2016-01-28T11:09:24","slug":"contact","status":"publish","type":"page","link":"https:\/\/dental-misljenovic.hr\/en\/contact\/","title":{"rendered":"Ask for a quote"},"content":{"rendered":"<div id=\"x-section-1\" class=\"x-section\" style=\"margin: 0px; padding: 45px 0px;  background-color: transparent;\" ><div id=\"\" class=\"x-container   max width\" style=\"margin: 0px auto; padding: 0px; \" ><div  class=\"x-column x-sm x-1-1\" style=\"padding: 0px; \" ><h1  class=\"h-custom-headline h1 accent\" ><span>Ask for a quote<\/span><\/h1><\/div><\/div><div id=\"\" class=\"x-container   max width\" style=\"margin: 0px auto; padding: 0px; \" ><div  class=\"x-column x-sm x-3-5\" style=\"padding: 0px; \" ><div id=\"\" class=\"x-text\" style=\"\" ><p>Send us an x-ray or CT scan for a free treatment plant, a cost estimate and the detailed number of visits.<\/p>\n<\/div><div role=\"form\" class=\"wpcf7\" id=\"wpcf7-f1087-o1\" lang=\"en-US\" dir=\"ltr\">\n<div class=\"screen-reader-response\"><p role=\"status\" aria-live=\"polite\" aria-atomic=\"true\"><\/p> <ul><\/ul><\/div>\n<form action=\"\/en\/wp-json\/wp\/v2\/pages\/252#wpcf7-f1087-o1\" method=\"post\" class=\"wpcf7-form init\" novalidate=\"novalidate\" data-status=\"init\">\n<div style=\"display: none;\">\n<input type=\"hidden\" name=\"_wpcf7\" value=\"1087\" \/>\n<input type=\"hidden\" name=\"_wpcf7_version\" value=\"5.5.6.1\" \/>\n<input type=\"hidden\" name=\"_wpcf7_locale\" value=\"en_US\" \/>\n<input type=\"hidden\" name=\"_wpcf7_unit_tag\" value=\"wpcf7-f1087-o1\" \/>\n<input type=\"hidden\" name=\"_wpcf7_container_post\" value=\"0\" \/>\n<input type=\"hidden\" name=\"_wpcf7_posted_data_hash\" value=\"\" \/>\n<\/div>\n<p>Name (required)<br \/>\n    <span class=\"wpcf7-form-control-wrap your-name\"><input type=\"text\" name=\"your-name\" value=\"\" size=\"40\" class=\"wpcf7-form-control wpcf7-text wpcf7-validates-as-required\" aria-required=\"true\" aria-invalid=\"false\" \/><\/span> <\/p>\n<p>Email (required)<br \/>\n    <span class=\"wpcf7-form-control-wrap your-email\"><input type=\"email\" name=\"your-email\" value=\"\" size=\"40\" class=\"wpcf7-form-control wpcf7-text wpcf7-email wpcf7-validates-as-required wpcf7-validates-as-email\" aria-required=\"true\" aria-invalid=\"false\" \/><\/span> <\/p>\n<p>Subject<br \/>\n    <span class=\"wpcf7-form-control-wrap your-subject\"><input type=\"text\" name=\"your-subject\" value=\"\" size=\"40\" class=\"wpcf7-form-control wpcf7-text\" aria-invalid=\"false\" \/><\/span> <\/p>\n<p>Message<br \/>\n    <span class=\"wpcf7-form-control-wrap your-message\"><textarea name=\"your-message\" cols=\"40\" rows=\"10\" class=\"wpcf7-form-control wpcf7-textarea\" aria-invalid=\"false\"><\/textarea><\/span> <\/p>\n<p><span class=\"wpcf7-form-control-wrap quiz-76\"><label><span class=\"wpcf7-quiz-label\">3+4<\/span> <input type=\"text\" name=\"quiz-76\" size=\"40\" class=\"wpcf7-form-control wpcf7-quiz\" autocomplete=\"off\" aria-required=\"true\" aria-invalid=\"false\" \/><\/label><input type=\"hidden\" name=\"_wpcf7_quiz_answer_quiz-76\" value=\"78680495c5c6808c2ffb865d478f37c6\" \/><\/span><\/p>\n<p><input type=\"submit\" value=\"Send\" class=\"wpcf7-form-control has-spinner wpcf7-submit\" \/><\/p>\n<div class=\"wpcf7-response-output\" aria-hidden=\"true\"><\/div><\/form><\/div><\/div><div  class=\"x-column x-sm x-2-5\" style=\"padding: 0px 30px 10px;  background-color:#f7f7f7;\" ><h2  class=\"h-custom-headline h6\" ><span>Ordinacija dentalne medicine Pe\u0111a Mi\u0161ljenovi\u0107<\/span><\/h2><div  class=\"x-widget-area\" ><li id=\"text-5\" class=\"widget-container widget_text\">\t\t\t<div class=\"textwidget\"><hr class=\"x-gap\">\r\n<p>Mutilska ul. 4, 52100, Pula, Croatia <\/p><hr class=\"x-gap\">\r\n<p><a href=\"tel:+385958151086\">+385 95 815 1086<\/a><\/p><hr class=\"x-gap\">\r\n<p><a href=\"mailto:info@dental-misljenovic.hr\">info@dental-misljenovic.hr<\/a><\/p><hr class=\"x-gap\">\r\n<p><a style=\"font-size:32px;float:left; margin-right:20px;\"href=\"https:\/\/www.facebook.com\/drmisljenovic\"><i  class=\"x-icon x-icon-facebook-square\" data-x-icon-b=\"&#xf082;\" aria-hidden=\"true\"><\/i>\r\n<\/a><a  style=\"font-size:32px;href=\"https:\/\/plus.google.com\/112489715306267780599\/about\"><i  class=\"x-icon x-icon-google-plus-square\" data-x-icon-b=\"&#xf0d4;\" aria-hidden=\"true\"><\/i><\/a><\/p><\/div>\n\t\t<\/li><\/div><div  class=\"x-map embed with-container\" ><div class=\"x-map-inner\"><iframe loading=\"lazy\" src=\"https:\/\/www.google.com\/maps\/embed?pb=!1m18!1m12!1m3!1d2827.89693240179!2d13.84997631553748!3d44.86439297909843!2m3!1f0!2f0!3f0!3m2!1i1024!2i768!4f13.1!3m3!1m2!1s0x477cd3216f7500f1%3A0x4918078cd7b9f655!2sOrdinacija+dentalne+medicine+Pe%C4%91a+Mi%C5%A1ljenovi%C4%87%2C+dr.+med.+dent.!5e0!3m2!1sen!2sus!4v1450684100269\" width=\"600\" height=\"450\" frameborder=\"0\" style=\"border:0\" allowfullscreen><\/iframe><\/div><\/div><\/div><\/div><\/div><div id=\"x-section-2\" class=\"x-section   bg-image\" style=\"margin: 0px; padding: 150px 0px;  background-image: url(https:\/\/dental-misljenovic.hr\/wp-content\/uploads\/2015\/11\/rooms.png); background-color: transparent;\" data-x-element=\"section\" data-x-params=\"{&quot;type&quot;:&quot;image&quot;,&quot;parallax&quot;:false}\"><div id=\"\" class=\"x-container   max width\" style=\"margin: 0px auto; padding: 0px; \" ><div  class=\"x-column x-sm x-1-1\" style=\"padding: 0px; \" ><a  class=\"x-btn x-btn-flat x-btn-jumbo x-btn-block\"  href=\"https:\/\/www.airbnb.com\/users\/show\/431583\"     data-options=\"thumbnail: ''\"><i  class=\"x-icon x-icon-bed\" data-x-icon-s=\"&#xf236;\" aria-hidden=\"true\"><\/i>Find Accommodation<\/a><\/div><\/div><\/div>\n<ul class=\"ssb_list_wrapper\"><li class=\"fb2\" style=\"width:140px\"><iframe src=\"\/\/www.facebook.com\/plugins\/like.php?href=https%3A%2F%2Fdental-misljenovic.hr%2Fen%2Fcontact%2F&amp;layout=button_count&amp;action=like&amp;show_faces=false&amp;share=true&amp;width=140&amp;height=21&amp;appId=307091639398582\" scrolling=\"no\" frameborder=\"0\" style=\"border:none; overflow:hidden;  width:150px; height:21px;\" allowTransparency=\"true\"><\/iframe><\/li><li class=\"twtr\" style=\"width:90px\"><a href=\"https:\/\/twitter.com\/share\" class=\"twitter-share-button\" data-url=\"https:\/\/dental-misljenovic.hr\/en\/contact\/\">&nbsp;<\/a><script>!function(d,s,id){var js,fjs=d.getElementsByTagName(s)[0],p=\/^http:\/.test(d.location)?'http':'https';if(!d.getElementById(id)){js=d.createElement(s);js.id=id;js.src=p+':\/\/platform.twitter.com\/widgets.js';fjs.parentNode.insertBefore(js,fjs);}}(document, 'script', 'twitter-wjs');<\/script><\/li><li class=\"gplus\" style=\"width:68px\"><div class=\"g-plusone\" data-size=\"medium\" data-href=\"https:\/\/dental-misljenovic.hr\/en\/contact\/\"><\/div><\/li><\/ul>","protected":false},"excerpt":{"rendered":"<p>&nbsp;<\/p>\n","protected":false},"author":1,"featured_media":0,"parent":0,"menu_order":0,"comment_status":"closed","ping_status":"closed","template":"template-blank-4.php","meta":[],"_links":{"self":[{"href":"https:\/\/dental-misljenovic.hr\/en\/wp-json\/wp\/v2\/pages\/252"}],"collection":[{"href":"https:\/\/dental-misljenovic.hr\/en\/wp-json\/wp\/v2\/pages"}],"about":[{"href":"https:\/\/dental-misljenovic.hr\/en\/wp-json\/wp\/v2\/types\/page"}],"author":[{"embeddable":true,"href":"https:\/\/dental-misljenovic.hr\/en\/wp-json\/wp\/v2\/users\/1"}],"replies":[{"embeddable":true,"href":"https:\/\/dental-misljenovic.hr\/en\/wp-json\/wp\/v2\/comments?post=252"}],"version-history":[{"count":12,"href":"https:\/\/dental-misljenovic.hr\/en\/wp-json\/wp\/v2\/pages\/252\/revisions"}],"predecessor-version":[{"id":1293,"href":"https:\/\/dental-misljenovic.hr\/en\/wp-json\/wp\/v2\/pages\/252\/revisions\/1293"}],"wp:attachment":[{"href":"https:\/\/dental-misljenovic.hr\/en\/wp-json\/wp\/v2\/media?parent=252"}],"curies":[{"name":"wp","href":"https:\/\/api.w.org\/{rel}","templated":true}]}}