{"id":1130,"date":"2015-11-25T12:18:52","date_gmt":"2015-11-25T12:18:52","guid":{"rendered":"https:\/\/dental-misljenovic.hr\/it\/zdravlje-zubi\/"},"modified":"2016-02-01T13:26:40","modified_gmt":"2016-02-01T13:26:40","slug":"salute","status":"publish","type":"page","link":"https:\/\/dental-misljenovic.hr\/it\/salute\/","title":{"rendered":"Salute"},"content":{"rendered":"<div id=\"x-section-1\" class=\"x-section\" style=\"margin: 0px; padding: 45px 0px;  background-color: transparent;\" ><div id=\"\" class=\"x-container   max width\" style=\"margin: 0px auto; padding: 0px; \" ><div  class=\"x-column x-sm x-1-3\" style=\"padding: 0px; \" ><div id=\"\" class=\"x-text none\" style=\"\" ><h1 style=\"text-align: center;\"> Salute <\/h1>\n<p><a href=\"https:\/\/dental-misljenovic.hr\/wp-content\/uploads\/2015\/11\/ico-ljepota.png\"><img loading=\"lazy\" class=\"wp-image-542 size-thumbnail aligncenter\" src=\"https:\/\/dental-misljenovic.hr\/wp-content\/uploads\/2015\/11\/ico-ljepota-150x150.png\" alt=\"salute\" width=\"150\" height=\"150\" srcset=\"https:\/\/dental-misljenovic.hr\/wp-content\/uploads\/2015\/11\/ico-ljepota-150x150.png 150w, https:\/\/dental-misljenovic.hr\/wp-content\/uploads\/2015\/11\/ico-ljepota-300x300.png 300w, https:\/\/dental-misljenovic.hr\/wp-content\/uploads\/2015\/11\/ico-ljepota-100x100.png 100w, https:\/\/dental-misljenovic.hr\/wp-content\/uploads\/2015\/11\/ico-ljepota.png 754w\" sizes=\"(max-width: 150px) 100vw, 150px\" \/><\/a><\/p>\n<\/div><\/div><div  class=\"x-column x-sm x-2-3\" style=\"padding: 0px; \" ><blockquote  class=\"x-blockquote\" >Il dente \u00e8 l&#8217;unica parte del nostro corpo che non pu\u00f2 guarire da solo.<br \/>\n<\/blockquote><div id=\"\" class=\"x-text none\" style=\"\" ><p>Ci prendiamo cura della salute orale dei nostri pazienti fin dalla tenera et\u00e0. Il momento ideale per la prima visita dal dentista \u00e8 uno di due anni del bambino. Secondo l&#8217;ultimo sondaggio, nel 2013, un dodicenne in Croazia ha 4 denti cariati, riparati o rimossi. Secondo la media europea solo in Bulgaria e peggio.<\/p>\n<\/div><hr  class=\"x-gap\" style=\"margin: 50px 0 0 0;\"><div  class=\"x-counter\" data-x-element=\"counter\" data-x-params=\"{&quot;numEnd&quot;:70,&quot;numSpeed&quot;:1500}\" ><div class=\"number-wrap w-h\" ><span class=\"number\">0<\/span><span class=\"suffix\">%<\/span><\/div><span class=\"text-below\" >bambini nel mondo soffre di carie<\/span><\/div><h6 class=\"h-skill-bar\">Giappone 16%<\/h6><div  class=\"x-skill-bar\" data-x-element=\"skill_bar\" data-x-params=\"{&quot;percent&quot;:&quot;16&quot;}\"><div class=\"bar\" style=\" background-color: #efbc15;\"><div class=\"percent\"> <\/div><\/div><\/div><h6 class=\"h-skill-bar\">Argentina 100%<\/h6><div  class=\"x-skill-bar\" data-x-element=\"skill_bar\" data-x-params=\"{&quot;percent&quot;:&quot;100%&quot;}\"><div class=\"bar\" style=\" background-color: #efbc15;\"><div class=\"percent\"> <\/div><\/div><\/div><\/div><\/div><\/div><div id=\"x-section-2\" class=\"x-section   bg-image\" style=\"margin: 0px; padding: 150px 0px;  background-image: url(https:\/\/dental-misljenovic.hr\/wp-content\/uploads\/2015\/12\/Depositphotos_11908376_original.jpg); background-color: transparent;\" data-x-element=\"section\" data-x-params=\"{&quot;type&quot;:&quot;image&quot;,&quot;parallax&quot;:false}\"><div id=\"\" class=\"x-container   max width\" style=\"margin: 0px auto; padding: 0px; \" ><div  class=\"x-column x-sm x-1-1\" style=\"padding: 0px; \" >&nbsp;<\/div><\/div><\/div><div id=\"x-section-3\" class=\"x-section\" style=\"margin: 0px; padding: 45px 0px;  background-color: transparent;\" ><div id=\"\" class=\"x-container   max width\" style=\"margin: 0px auto; padding: 0px; \" ><div  class=\"x-column x-sm x-1-3\" style=\"padding: 0px; \" >&nbsp;<\/div><div  class=\"x-column x-sm x-2-3\" style=\"padding: 0px; \" ><div id=\"\" class=\"x-text none\" style=\"\" ><p>La carie dentale pu\u00f2 essere completamente evitata con adeguate quantit\u00e0 di fluoro.<br \/>\nLe carie si trattatano esclusivamente con restauri <a href=\"https:\/\/dental-misljenovic.hr\/it\/estetica\/\">estetici<\/a>, minimamente invasivi.<\/p>\n<p>Le cure canalari si fanno con strumenti rotanti, di solito in una sola visita.<\/p>\n<\/div><hr  class=\"x-gap\" style=\"margin: 50px 0 0 0;\"><div id=\"\" class=\"x-text none\" style=\"\" ><div  class=\"x-counter\" data-x-element=\"counter\" data-x-params=\"{&quot;numEnd&quot;:-20,&quot;numSpeed&quot;:1500}\" ><div class=\"number-wrap w-h\" style=\"color: #ef7900;\"><span class=\"prefix\">5<\/span><span class=\"number\">0<\/span><span class=\"suffix\">%<\/span><\/div><span class=\"text-below\" >della popolazione soffre di una grave forma di malattia parodontale. Queste persone hanno una probabilit\u00e0 dopia di sviluppare malattie cardiache.<br \/>\n<\/span><\/div>\n<\/div><hr  class=\"x-gap\" style=\"margin: 50px 0 0 0;\"><div id=\"\" class=\"x-text none\" style=\"\" ><p>Si applicano protocolli standardizzati per il trattamento di malattie periodentali, come parodontite aggressiva e cronica.<\/p>\n<p>I denti persi si restaurano con <a href=\"https:\/\/dental-misljenovic.hr\/it\/impianti\/\">impianti<\/a> dentali in titanio, ponti o dentiere classiche.<\/p>\n<\/div><hr  class=\"x-gap\" style=\"margin: 50px 0 0 0;\"><div  class=\"x-counter\" data-x-element=\"counter\" data-x-params=\"{&quot;numEnd&quot;:30,&quot;numSpeed&quot;:1500}\" ><div class=\"number-wrap w-h\" ><span class=\"number\">0<\/span><span class=\"suffix\">%<\/span><\/div><span class=\"text-below\" >persone in tutto il mondo pi\u00f9 di 65 anni hanno perso tutti i loro denti<\/span><\/div><hr  class=\"x-gap\" style=\"margin: 50px 0 0 0;\"><div id=\"\" class=\"x-text\" style=\"\" ><p>Il controllo delle infezioni \u00e8 essenziale. Usiamo prodotti usa e getta, ogni strumento \u00e8 pulito con ultrasuoni e sterilizzato secondo le norme pi\u00f9 severe nel autoclave tipo B.<\/p>\n<\/div><hr  class=\"x-gap\" style=\"margin: 50px 0 0 0;\"><\/div><\/div><\/div>\n<ul class=\"ssb_list_wrapper\"><li class=\"fb2\" style=\"width:140px\"><iframe src=\"\/\/www.facebook.com\/plugins\/like.php?href=https%3A%2F%2Fdental-misljenovic.hr%2Fit%2Fsalute%2F&amp;layout=button_count&amp;action=like&amp;show_faces=false&amp;share=true&amp;width=140&amp;height=21&amp;appId=307091639398582\" scrolling=\"no\" frameborder=\"0\" style=\"border:none; overflow:hidden;  width:150px; height:21px;\" allowTransparency=\"true\"><\/iframe><\/li><li class=\"twtr\" style=\"width:90px\"><a href=\"https:\/\/twitter.com\/share\" class=\"twitter-share-button\" data-url=\"https:\/\/dental-misljenovic.hr\/it\/salute\/\">&nbsp;<\/a><script>!function(d,s,id){var js,fjs=d.getElementsByTagName(s)[0],p=\/^http:\/.test(d.location)?'http':'https';if(!d.getElementById(id)){js=d.createElement(s);js.id=id;js.src=p+':\/\/platform.twitter.com\/widgets.js';fjs.parentNode.insertBefore(js,fjs);}}(document, 'script', 'twitter-wjs');<\/script><\/li><li class=\"gplus\" style=\"width:68px\"><div class=\"g-plusone\" data-size=\"medium\" data-href=\"https:\/\/dental-misljenovic.hr\/it\/salute\/\"><\/div><\/li><\/ul>","protected":false},"excerpt":{"rendered":"<p>&nbsp;<\/p>\n","protected":false},"author":1,"featured_media":0,"parent":0,"menu_order":0,"comment_status":"closed","ping_status":"closed","template":"template-blank-4.php","meta":[],"_links":{"self":[{"href":"https:\/\/dental-misljenovic.hr\/it\/wp-json\/wp\/v2\/pages\/1130"}],"collection":[{"href":"https:\/\/dental-misljenovic.hr\/it\/wp-json\/wp\/v2\/pages"}],"about":[{"href":"https:\/\/dental-misljenovic.hr\/it\/wp-json\/wp\/v2\/types\/page"}],"author":[{"embeddable":true,"href":"https:\/\/dental-misljenovic.hr\/it\/wp-json\/wp\/v2\/users\/1"}],"replies":[{"embeddable":true,"href":"https:\/\/dental-misljenovic.hr\/it\/wp-json\/wp\/v2\/comments?post=1130"}],"version-history":[{"count":5,"href":"https:\/\/dental-misljenovic.hr\/it\/wp-json\/wp\/v2\/pages\/1130\/revisions"}],"predecessor-version":[{"id":1353,"href":"https:\/\/dental-misljenovic.hr\/it\/wp-json\/wp\/v2\/pages\/1130\/revisions\/1353"}],"wp:attachment":[{"href":"https:\/\/dental-misljenovic.hr\/it\/wp-json\/wp\/v2\/media?parent=1130"}],"curies":[{"name":"wp","href":"https:\/\/api.w.org\/{rel}","templated":true}]}}