{"id":1146,"date":"2016-01-20T10:11:34","date_gmt":"2016-01-20T10:11:34","guid":{"rendered":"https:\/\/dental-misljenovic.hr\/it\/?page_id=1146"},"modified":"2016-01-28T11:29:50","modified_gmt":"2016-01-28T11:29:50","slug":"impianti","status":"publish","type":"page","link":"https:\/\/dental-misljenovic.hr\/it\/impianti\/","title":{"rendered":"Impianti"},"content":{"rendered":"<div id=\"x-section-1\" class=\"x-section\" style=\"margin: 0px; padding: 0px;  background-color: transparent;\" ><div id=\"\" class=\"x-container   max width\" style=\"margin: 0px auto; padding: 0px; \" ><div  class=\"x-column x-sm x-1-3\" style=\"padding: 0px; \" ><div id=\"\" class=\"x-text none\" style=\"\" ><h1 style=\"text-align: center;\">Impianti<\/h1>\n<p><img loading=\"lazy\" class=\"size-thumbnail wp-image-541 aligncenter\" src=\"https:\/\/dental-misljenovic.hr\/wp-content\/uploads\/2015\/11\/ico-zdravlje-150x150.png\" alt=\"ico-zdravlje\" width=\"150\" height=\"150\" srcset=\"https:\/\/dental-misljenovic.hr\/wp-content\/uploads\/2015\/11\/ico-zdravlje-150x150.png 150w, https:\/\/dental-misljenovic.hr\/wp-content\/uploads\/2015\/11\/ico-zdravlje-300x300.png 300w, https:\/\/dental-misljenovic.hr\/wp-content\/uploads\/2015\/11\/ico-zdravlje-100x100.png 100w, https:\/\/dental-misljenovic.hr\/wp-content\/uploads\/2015\/11\/ico-zdravlje.png 754w\" sizes=\"(max-width: 150px) 100vw, 150px\" \/><\/p>\n<\/div><\/div><div  class=\"x-column x-sm x-2-3\" style=\"padding: 45px 0px 0px; \" ><blockquote  class=\"x-blockquote\" >L&#8217;impianto dentale \u00e8 la procedura pi\u00f9 sicura nella odontoiatria moderna. Il metodo \u00e8 indolore e ha una percentuale di successo di oltre il 95%.<\/blockquote><div id=\"\" class=\"x-text none\" style=\"\" ><p>I denti persi si possono restaurare con impianti dentali. Cosi risparmiamo i denti rimasti di limarli per fare ponti classici. Non \u00e8 necessario per compensare ogni dente perso con un impianto. Due impianti possono reggere un ponte di tre denti, mentre con quattro impianti possiamo compensare dodici denti.<\/p>\n<p>Con l\u2019utilizzo di tecniche chirurgiche avanzate e protocolli sicuri, si riduce il periodo di osseointegrazione dei impianti a soli due mesi.<\/p>\n<p>\u00c8 possibile posizionare l\u2019impianto subito dopo aver tolto un dente consumato e fare un dente provvisorio lo stesso giorno. Questo riduce notevolmente il tempo di trattamento e il numero di visite.<\/p>\n<p>Se l\u2019osso e mancante per posizionare impianti si fanno ulteriori procedure come la rigenerazione ossea guidata e il rialzo del seno mascellare -sinus lift.<\/p>\n<\/div><\/div><\/div><\/div><div id=\"x-section-2\" class=\"x-section   bg-image\" style=\"margin: 0px; padding: 200px 0px;  background-image: url(https:\/\/dental-misljenovic.hr\/wp-content\/uploads\/2015\/12\/implantanti.jpeg); background-color: transparent;\" data-x-element=\"section\" data-x-params=\"{&quot;type&quot;:&quot;image&quot;,&quot;parallax&quot;:false}\"><div id=\"\" class=\"x-container   max width\" style=\"margin: 0px auto; padding: 0px; \" ><div  class=\"x-column x-sm x-1-1\" style=\"padding: 0px; \" >&nbsp;<\/div><\/div><\/div><div id=\"x-section-3\" class=\"x-section\" style=\"margin: 0px; padding: 45px 0px;  background-color: transparent;\" ><div id=\"\" class=\"x-container   max width\" style=\"margin: 0px auto; padding: 0px; \" ><div  class=\"x-column x-sm x-1-3\" style=\"padding: 0px; \" >&nbsp;<\/div><div  class=\"x-column x-sm x-2-3\" style=\"padding: 0px; \" ><div id=\"\" class=\"x-text\" style=\"\" ><h2>All-on-4<\/h2>\n<p><img loading=\"lazy\" class=\"alignright wp-image-662 size-medium\" src=\"https:\/\/dental-misljenovic.hr\/wp-content\/uploads\/2015\/11\/original_all_on_41-300x200.jpg\" alt=\"original_all_on_4\" width=\"300\" height=\"200\" srcset=\"https:\/\/dental-misljenovic.hr\/wp-content\/uploads\/2015\/11\/original_all_on_41-300x200.jpg 300w, https:\/\/dental-misljenovic.hr\/wp-content\/uploads\/2015\/11\/original_all_on_41-1024x683.jpg 1024w, https:\/\/dental-misljenovic.hr\/wp-content\/uploads\/2015\/11\/original_all_on_41-100x67.jpg 100w, https:\/\/dental-misljenovic.hr\/wp-content\/uploads\/2015\/11\/original_all_on_41-1184x789.jpg 1184w, https:\/\/dental-misljenovic.hr\/wp-content\/uploads\/2015\/11\/original_all_on_41.jpg 1500w\" sizes=\"(max-width: 300px) 100vw, 300px\" \/>E possibile sostituire i denti persi in un solo giorno. Dopo l\u2019inserimento di 4 impianti in titanio l\u2019odontotecnico produce un ponte fisso provvisorio. Il ponte viene collegato agli impianti lo stesso giorno.<br \/>\nQuesta procedura ha un successo straordinario, per oltre 20 anni. Essa rappresenta un ottimo rapporto ottenuto tenendo conto del costo, numero di visite e il tempo impegnato.<br \/>\nIl ponte definitivo pu\u00f2 essere costruito dopo tre o quattro mesi con tecnologia CAD \/ CAM.<\/p>\n<\/div><blockquote  class=\"x-blockquote\" >Nel&#8217;2012. dr. Mi\u0161ljenovi\u0107 completa il Master in implantologia clinica organizzato dalla Universit\u00e0 di California (UCLA, USA) e il Global institute for Dental Education (gIDE).<\/blockquote><h2  class=\"h-custom-headline h5\" ><span>Tutti gli impianti hanno una garanzia a vita.<br \/>\n<\/span><\/h2><div id=\"\" class=\"x-text\" style=\"\" ><p><img loading=\"lazy\" class=\"alignleft size-full wp-image-652\" src=\"https:\/\/dental-misljenovic.hr\/wp-content\/uploads\/2015\/11\/Nobel-Biocare.jpg\" alt=\"Nobel Biocare\" width=\"188\" height=\"80\" srcset=\"https:\/\/dental-misljenovic.hr\/wp-content\/uploads\/2015\/11\/Nobel-Biocare.jpg 188w, https:\/\/dental-misljenovic.hr\/wp-content\/uploads\/2015\/11\/Nobel-Biocare-100x43.jpg 100w\" sizes=\"(max-width: 188px) 100vw, 188px\" \/><\/p>\n<p><img loading=\"lazy\" class=\"alignleft size-full wp-image-651\" src=\"https:\/\/dental-misljenovic.hr\/wp-content\/uploads\/2015\/11\/life-time.jpg\" alt=\"life-time\" width=\"81\" height=\"80\" \/><\/p>\n<p><img loading=\"lazy\" class=\"alignleft size-full wp-image-650\" src=\"https:\/\/dental-misljenovic.hr\/wp-content\/uploads\/2015\/11\/Avinent.png\" alt=\"Avinent\" width=\"160\" height=\"80\" srcset=\"https:\/\/dental-misljenovic.hr\/wp-content\/uploads\/2015\/11\/Avinent.png 160w, https:\/\/dental-misljenovic.hr\/wp-content\/uploads\/2015\/11\/Avinent-100x50.png 100w\" sizes=\"(max-width: 160px) 100vw, 160px\" \/><\/p>\n<\/div><\/div><\/div><\/div><div id=\"x-section-4\" class=\"x-section\" style=\"margin: 0px; padding: 45px 0px;  background-color: transparent;\" ><div id=\"\" class=\"x-container   max width\" style=\"margin: 0px auto; padding: 0px; \" ><div  class=\"x-column x-sm x-1-1\" style=\"padding: 0px; \" ><div id=\"\" class=\"x-text\" style=\"\" ><div id='kpm-scroller_3' class='thumb-scroller'><ul class='ts-list'><li data-content-type='image' data-post-id='0' data-src='https:\/\/dental-misljenovic.hr\/wp-content\/uploads\/2015\/12\/Fiksni-most1.jpg' data-image-position='fill' data-hover-effect='none' data-method='GET' data-caption-align='bottom' data-caption-effect='fade'><a class='ts-zoom-button' href='https:\/\/dental-misljenovic.hr\/wp-content\/uploads\/2015\/12\/Fiksni-most1.jpg' data-post-id='0' title='' data-lightbox-type='image' data-lightbox-group='kpm_ts_lightbox-3' data-lightbox-width='auto' data-lightbox-height='auto' data-lightbox-method='GET'><div><\/div><\/a><\/li><li data-content-type='image' data-post-id='0' data-src='https:\/\/dental-misljenovic.hr\/wp-content\/uploads\/2015\/12\/Fiksni-most2.jpg' data-image-position='fill' data-hover-effect='none' data-method='GET' data-caption-align='bottom' data-caption-effect='fade'><a class='ts-zoom-button' href='https:\/\/dental-misljenovic.hr\/wp-content\/uploads\/2015\/12\/Fiksni-most2.jpg' data-post-id='0' title='' data-lightbox-type='image' data-lightbox-group='kpm_ts_lightbox-3' data-lightbox-width='auto' data-lightbox-height='auto' data-lightbox-method='GET'><div><\/div><\/a><\/li><li data-content-type='image' data-post-id='0' data-src='https:\/\/dental-misljenovic.hr\/wp-content\/uploads\/2015\/12\/Fiksni-most3.jpg' data-image-position='fill' data-hover-effect='none' data-method='GET' data-caption-align='bottom' data-caption-effect='fade'><a class='ts-zoom-button' href='https:\/\/dental-misljenovic.hr\/wp-content\/uploads\/2015\/12\/Fiksni-most3.jpg' data-post-id='0' title='' data-lightbox-type='image' data-lightbox-group='kpm_ts_lightbox-3' data-lightbox-width='auto' data-lightbox-height='auto' data-lightbox-method='GET'><div><\/div><\/a><\/li><li data-content-type='image' data-post-id='0' data-src='https:\/\/dental-misljenovic.hr\/wp-content\/uploads\/2015\/12\/image.jpg' data-image-position='fill' data-hover-effect='none' data-method='GET' data-caption-align='bottom' data-caption-effect='fade'><a class='ts-zoom-button' href='https:\/\/dental-misljenovic.hr\/wp-content\/uploads\/2015\/12\/image.jpg' data-post-id='0' title='' data-lightbox-type='image' data-lightbox-group='kpm_ts_lightbox-3' data-lightbox-width='auto' data-lightbox-height='auto' data-lightbox-method='GET'><div><\/div><\/a><\/li><li data-content-type='image' data-post-id='0' data-src='https:\/\/dental-misljenovic.hr\/wp-content\/uploads\/2015\/12\/NB_000128E_tcm197-21276_tcm269-29539.jpg' data-image-position='fill' data-hover-effect='none' data-method='GET' data-caption-align='bottom' data-caption-effect='fade'><a class='ts-zoom-button' href='https:\/\/dental-misljenovic.hr\/wp-content\/uploads\/2015\/12\/NB_000128E_tcm197-21276_tcm269-29539.jpg' data-post-id='0' title='' data-lightbox-type='image' data-lightbox-group='kpm_ts_lightbox-3' data-lightbox-width='auto' data-lightbox-height='auto' data-lightbox-method='GET'><div><\/div><\/a><\/li><li data-content-type='image' data-post-id='0' data-src='https:\/\/dental-misljenovic.hr\/wp-content\/uploads\/2015\/12\/NB_000213E_tcm269-33461.jpg' data-image-position='fill' data-hover-effect='none' data-method='GET' data-caption-align='bottom' data-caption-effect='fade'><a class='ts-zoom-button' href='https:\/\/dental-misljenovic.hr\/wp-content\/uploads\/2015\/12\/NB_000213E_tcm269-33461.jpg' data-post-id='0' title='' data-lightbox-type='image' data-lightbox-group='kpm_ts_lightbox-3' data-lightbox-width='auto' data-lightbox-height='auto' data-lightbox-method='GET'><div><\/div><\/a><\/li><\/ul><\/div>\n<\/div><\/div><\/div><\/div>\n<ul class=\"ssb_list_wrapper\"><li class=\"fb2\" style=\"width:140px\"><iframe src=\"\/\/www.facebook.com\/plugins\/like.php?href=https%3A%2F%2Fdental-misljenovic.hr%2Fit%2Fimpianti%2F&amp;layout=button_count&amp;action=like&amp;show_faces=false&amp;share=true&amp;width=140&amp;height=21&amp;appId=307091639398582\" scrolling=\"no\" frameborder=\"0\" style=\"border:none; overflow:hidden;  width:150px; height:21px;\" allowTransparency=\"true\"><\/iframe><\/li><li class=\"twtr\" style=\"width:90px\"><a href=\"https:\/\/twitter.com\/share\" class=\"twitter-share-button\" data-url=\"https:\/\/dental-misljenovic.hr\/it\/impianti\/\">&nbsp;<\/a><script>!function(d,s,id){var js,fjs=d.getElementsByTagName(s)[0],p=\/^http:\/.test(d.location)?'http':'https';if(!d.getElementById(id)){js=d.createElement(s);js.id=id;js.src=p+':\/\/platform.twitter.com\/widgets.js';fjs.parentNode.insertBefore(js,fjs);}}(document, 'script', 'twitter-wjs');<\/script><\/li><li class=\"gplus\" style=\"width:68px\"><div class=\"g-plusone\" data-size=\"medium\" data-href=\"https:\/\/dental-misljenovic.hr\/it\/impianti\/\"><\/div><\/li><\/ul>","protected":false},"excerpt":{"rendered":"<p>&nbsp;<\/p>\n","protected":false},"author":1,"featured_media":0,"parent":0,"menu_order":0,"comment_status":"closed","ping_status":"closed","template":"template-blank-4.php","meta":[],"_links":{"self":[{"href":"https:\/\/dental-misljenovic.hr\/it\/wp-json\/wp\/v2\/pages\/1146"}],"collection":[{"href":"https:\/\/dental-misljenovic.hr\/it\/wp-json\/wp\/v2\/pages"}],"about":[{"href":"https:\/\/dental-misljenovic.hr\/it\/wp-json\/wp\/v2\/types\/page"}],"author":[{"embeddable":true,"href":"https:\/\/dental-misljenovic.hr\/it\/wp-json\/wp\/v2\/users\/1"}],"replies":[{"embeddable":true,"href":"https:\/\/dental-misljenovic.hr\/it\/wp-json\/wp\/v2\/comments?post=1146"}],"version-history":[{"count":3,"href":"https:\/\/dental-misljenovic.hr\/it\/wp-json\/wp\/v2\/pages\/1146\/revisions"}],"predecessor-version":[{"id":1305,"href":"https:\/\/dental-misljenovic.hr\/it\/wp-json\/wp\/v2\/pages\/1146\/revisions\/1305"}],"wp:attachment":[{"href":"https:\/\/dental-misljenovic.hr\/it\/wp-json\/wp\/v2\/media?parent=1146"}],"curies":[{"name":"wp","href":"https:\/\/api.w.org\/{rel}","templated":true}]}}